{"id":14,"date":"2020-03-19T16:22:33","date_gmt":"2020-03-19T15:22:33","guid":{"rendered":"http:\/\/linnebank.de\/cmswp\/?page_id=14"},"modified":"2022-02-06T15:54:41","modified_gmt":"2022-02-06T14:54:41","slug":"startseite","status":"publish","type":"page","link":"https:\/\/www.linnebank.de\/","title":{"rendered":"STARTSEITE"},"content":{"rendered":"<h2><span style=\"color: #ff9900;\"><strong>Herzlich Willkommen auf unserer Internet-Seite!<\/strong><\/span><\/h2>\n<p>Informieren Sie sich online \u00fcber unsere Gebrauchtwagenangebote. Wenn Sie Fragen zu den Angeboten haben, rufen Sie uns bitte an oder schreiben uns eine e-Mail.<\/p>\n<p>Ben\u00f6tigen Sie eine individuelle Beratung oder m\u00f6chten Sie eine Probefahrt machen, kommen Sie bitte zu den \u00d6ffnungszeiten vorbei oder vereinbaren Sie mit uns einen individuellen Termin!<\/p>\n<p>Selbstverst\u00e4ndlich beraten wir Sie auch zu einer Finanzierung f\u00fcr Ihr &#8222;neues&#8220; Auto. Die Finanzierung erfolgt \u00fcber unsere Hausbank und als Anzahlung nehmen wir gerne Ihr &#8222;altes&#8220; Auto Inzahlung.<\/p>\n","protected":false},"excerpt":{"rendered":"<p>Herzlich Willkommen auf unserer Internet-Seite! Informieren Sie sich online \u00fcber unsere Gebrauchtwagenangebote. Wenn Sie Fragen zu den Angeboten haben, rufen Sie uns bitte an oder schreiben uns eine e-Mail. Ben\u00f6tigen Sie eine individuelle Beratung oder m\u00f6chten Sie eine Probefahrt machen, kommen Sie bitte zu den \u00d6ffnungszeiten vorbei oder vereinbaren Sie mit uns einen individuellen Termin! &hellip; <\/p>\n<p class=\"link-more\"><a href=\"https:\/\/www.linnebank.de\/\" class=\"more-link\"><span class=\"screen-reader-text\">\u201eSTARTSEITE\u201c<\/span> weiterlesen<\/a><\/p>\n","protected":false},"author":1,"featured_media":0,"parent":0,"menu_order":0,"comment_status":"closed","ping_status":"closed","template":"","meta":{"footnotes":""},"class_list":["post-14","page","type-page","status-publish","hentry"],"_links":{"self":[{"href":"https:\/\/www.linnebank.de\/index.php?rest_route=\/wp\/v2\/pages\/14","targetHints":{"allow":["GET"]}}],"collection":[{"href":"https:\/\/www.linnebank.de\/index.php?rest_route=\/wp\/v2\/pages"}],"about":[{"href":"https:\/\/www.linnebank.de\/index.php?rest_route=\/wp\/v2\/types\/page"}],"author":[{"embeddable":true,"href":"https:\/\/www.linnebank.de\/index.php?rest_route=\/wp\/v2\/users\/1"}],"replies":[{"embeddable":true,"href":"https:\/\/www.linnebank.de\/index.php?rest_route=%2Fwp%2Fv2%2Fcomments&post=14"}],"version-history":[{"count":4,"href":"https:\/\/www.linnebank.de\/index.php?rest_route=\/wp\/v2\/pages\/14\/revisions"}],"predecessor-version":[{"id":3325,"href":"https:\/\/www.linnebank.de\/index.php?rest_route=\/wp\/v2\/pages\/14\/revisions\/3325"}],"wp:attachment":[{"href":"https:\/\/www.linnebank.de\/index.php?rest_route=%2Fwp%2Fv2%2Fmedia&parent=14"}],"curies":[{"name":"wp","href":"https:\/\/api.w.org\/{rel}","templated":true}]}}